{"id":188,"date":"2020-12-12T09:15:27","date_gmt":"2020-12-12T08:15:27","guid":{"rendered":"http:\/\/e-norweski.pl\/?page_id=188"},"modified":"2025-03-13T19:29:31","modified_gmt":"2025-03-13T18:29:31","slug":"lekcje","status":"publish","type":"page","link":"https:\/\/e-norweski.pl\/?page_id=188","title":{"rendered":"Lekcje"},"content":{"rendered":"\n<ul class=\"wp-block-list\">\n<li>Lekcje prowadz\u0119 w formie indywidualnej online. Materia\u0142 oraz tempo jego realizacji dostosowany jest do Twoich potrzeb<\/li>\n\n\n\n<li>Elastyczny grafik \u2013 dni, godziny i cz\u0119stotliwo\u015b\u0107 spotka\u0144 razem dopasujemy do Twoich mo\u017cliwo\u015bci czasowych<\/li>\n\n\n\n<li>Zakres nauczania: od poziomu pocz\u0105tkuj\u0105cego do zaawansowanego<\/li>\n\n\n\n<li>Przygotowanie do egzamin\u00f3w Norskpr\u00f8ve<\/li>\n\n\n\n<li>Do lekcji wystarczy mie\u0107 komputer z dost\u0119pem do internetu i zainstalowan\u0105 aplikacj\u0105 <em>Microsoft Teams<\/em><\/li>\n\n\n\n<li>Pierwsza lekcja pr\u00f3bna &#8211; <strong>GRATIS<\/strong><\/li>\n<\/ul>\n","protected":false},"excerpt":{"rendered":"","protected":false},"author":1,"featured_media":0,"parent":103,"menu_order":0,"comment_status":"closed","ping_status":"closed","template":"","meta":{"footnotes":""},"class_list":["post-188","page","type-page","status-publish","hentry","entry"],"_links":{"self":[{"href":"https:\/\/e-norweski.pl\/index.php?rest_route=\/wp\/v2\/pages\/188","targetHints":{"allow":["GET"]}}],"collection":[{"href":"https:\/\/e-norweski.pl\/index.php?rest_route=\/wp\/v2\/pages"}],"about":[{"href":"https:\/\/e-norweski.pl\/index.php?rest_route=\/wp\/v2\/types\/page"}],"author":[{"embeddable":true,"href":"https:\/\/e-norweski.pl\/index.php?rest_route=\/wp\/v2\/users\/1"}],"replies":[{"embeddable":true,"href":"https:\/\/e-norweski.pl\/index.php?rest_route=%2Fwp%2Fv2%2Fcomments&post=188"}],"version-history":[{"count":7,"href":"https:\/\/e-norweski.pl\/index.php?rest_route=\/wp\/v2\/pages\/188\/revisions"}],"predecessor-version":[{"id":323,"href":"https:\/\/e-norweski.pl\/index.php?rest_route=\/wp\/v2\/pages\/188\/revisions\/323"}],"up":[{"embeddable":true,"href":"https:\/\/e-norweski.pl\/index.php?rest_route=\/wp\/v2\/pages\/103"}],"wp:attachment":[{"href":"https:\/\/e-norweski.pl\/index.php?rest_route=%2Fwp%2Fv2%2Fmedia&parent=188"}],"curies":[{"name":"wp","href":"https:\/\/api.w.org\/{rel}","templated":true}]}}